{"id":496,"date":"2022-01-27T19:50:38","date_gmt":"2022-01-27T18:50:38","guid":{"rendered":"https:\/\/tab2022.tab.at\/?page_id=496"},"modified":"2024-06-12T09:10:05","modified_gmt":"2024-06-12T07:10:05","slug":"golden-island-casino","status":"publish","type":"page","link":"https:\/\/www.tab.at\/en\/produkte\/geldspiel\/golden-island-casino\/","title":{"rendered":"Golden Island Casino"},"content":{"rendered":"<h1>GOLDEN ISLAND<\/h1>\n<h1>CASINO<\/h1>\n<p><a href=\"#casino\" role=\"button\"><br \/>\nMORE<br \/>\n<\/a><\/p>\n<p>Enter the world of TAB and discover the diversity of our game world.<\/p>\n<h2>CASINO<\/h2>\n<h2>FEELING<\/h2>\n<p>The device is built to the Gaming Laboratories International (GLI11) standard and conforms to the latest casino requirements for single player devices. It's available as a VLT, AWP or a five-tier Mystery Jackpot solution.<\/p>\n<figure><img decoding=\"async\" src=\"https:\/\/www.tab.at\/wp-content\/uploads\/2022\/02\/goldenisland-gross4.png\" alt=\"Golden Island Casino\"><\/figure>\n<figure><img decoding=\"async\" src=\"https:\/\/www.tab.at\/wp-content\/uploads\/2022\/02\/goldenisland-gross3.png\" alt=\"TAB-Austria Golden Island Casino\"><\/figure>\n<figure><img decoding=\"async\" src=\"https:\/\/www.tab.at\/wp-content\/uploads\/2022\/02\/goldenisland-gross2.png\" alt=\"TAB-Austria Golden Island Casino\"><\/figure>\n<figure><img decoding=\"async\" src=\"https:\/\/www.tab.at\/wp-content\/uploads\/2022\/02\/goldenisland-gross1.png\" alt=\"TAB-Austria Golden Island Casino\"><\/figure>\n<h2>Classic design<\/h2>\n<p>Through the use of high-quality materials, die-cast elements, aluminum and years of experience in device construction, the Golden Island Casino also offers many options for your setup.<\/p>\n<h2>The Terminal<\/h2>\n<p>The terminal has two large 22\u2033 LED displays in 16:10 format. It offers perfectly positioned screens, an easy-to-reach control panel with buttons or touch options, and plenty of legroom for your players. As with all our devices, we also offer a variety of different hardware options. - Includes the successful TAB Golden Island games package!<\/p>\n<h2>Incredibly reliable<\/h2>\n<p>On average, our devices have a downtime of less than 0.9% per year. With 24\/7 game operation, this means downtime of less than 75 hours in 365 days. \u2013 This absolute top value enables our customers to concentrate 100% on their business and waste as little time and nerves as possible on non-functioning hardware.<\/p>\n<p><img loading=\"lazy\" decoding=\"async\" src=\"https:\/\/www.tab.at\/wp-content\/uploads\/2022\/02\/golden-island-casino-unten2.png\" alt=\"TAB-Austria Golden Island Casino\" srcset=\"https:\/\/www.tab.at\/wp-content\/uploads\/2022\/02\/golden-island-casino-unten2.png 425w, https:\/\/www.tab.at\/wp-content\/uploads\/2022\/02\/golden-island-casino-unten2-300x249.png 300w, https:\/\/www.tab.at\/wp-content\/uploads\/2022\/02\/golden-island-casino-unten2-14x12.png 14w\" sizes=\"auto, (max-width: 425px) 100vw, 425px\" width=\"425\" height=\"353\"><br \/>\n0<br \/>\nYears of experience!<br \/>\n<a href=\"\">Version<\/a><\/p>\n<ul>\n<li>Exclusive Retro Design<\/li>\n<li>High quality materials<\/li>\n<li>Various hardware options<\/li>\n<li>TAB game package included<\/li>\n<li>Width 54 cm, height 188 cm, depth 54 cm<\/li>\n<li>Two 22\" LED displays<\/li>\n<li>1680 x 1050 panorama resolution<\/li>\n<li>Two key switches<\/li>\n<li>8 buttons (optional)<\/li>\n<\/ul>\n<p><a href=\"\">PC components<\/a><\/p>\n<ul>\n<li>Type AMD Trinity Industrial PC<\/li>\n<li>CPU Dual Core 2,7 GHz<\/li>\n<li>Operating system Windows 7 Embedded<\/li>\n<li>IO Controller TAB I\/O Controller with cctalk<\/li>\n<\/ul>\n<p><a href=\"\">Downloads<\/a><\/p>\n<p>Download software, drivers and other information from our <a href=\"https:\/\/www.tab.at\/en\/downloads\/\">download area &gt;&gt;<\/a><\/p>\n<p><a href=\"#top\" role=\"button\"><br \/>\nBACK TO TOP<br \/>\n<\/a><\/p>\n<p>\u00a9 2022 TAB-Austria \u2022 All Rights reserved.<\/p>\n<p><a href=\"http:\/\/www.facebook.com\/tabaustria\" target=\"_blank\" rel=\"noopener\"><br \/>\nFacebook-f<br \/>\n<\/a><br \/>\n<a href=\"http:\/\/www.youtube.com\/tabaustria\" target=\"_blank\" rel=\"noopener\"><br \/>\nYoutube<br \/>\n<\/a><br \/>\n<a href=\"http:\/\/www.linkedin.com\/company\/tab-austria\" target=\"_blank\" rel=\"noopener\"><br \/>\nLinkedin-in<br \/>\n<\/a><\/p>\n<ul>\n<li>\n\t\t\t\t\t\t\t\t\t\t\t<a href=\"https:\/\/www.tab.at\/en\/\"><br \/>\nHome<br \/>\n<\/a><\/li>\n<li>\n\t\t\t\t\t\t\t\t\t\t\t<a href=\"https:\/\/www.tab.at\/en\/impressum\/\"><br \/>\nImprint<br \/>\n<\/a><\/li>\n<li>\n\t\t\t\t\t\t\t\t\t\t\t<a href=\"https:\/\/www.tab.at\/en\/agb\/\"><br \/>\nTerms<br \/>\n<\/a><\/li>\n<li>\n\t\t\t\t\t\t\t\t\t\t\t<a href=\"https:\/\/www.tab.at\/en\/jobs\/\"><br \/>\nJobs<br \/>\n<\/a><\/li>\n<li>\n\t\t\t\t\t\t\t\t\t\t\t<a href=\"https:\/\/www.tab.at\/en\/kontakt\/\"><br \/>\nContact<br \/>\n<\/a><\/li>\n<\/ul>","protected":false},"excerpt":{"rendered":"<p>GOLDEN ISLAND CASINO MEHR Betreten Sie die Welt von TAB und entdecken Sie die Vielfalt unserer Spielewelt. CASINO FEELING Das Ger\u00e4t wurde nach dem Standard von Gaming Laboratories International (GLI11) gebaut und entspricht den aktuellsten Anforderungen, die von Casinos an Einzelspieler-Ger\u00e4te gestellt werden. Es ist als VLT, AWP oder als f\u00fcnfstufige Mystery Jackpot L\u00f6sung verf\u00fcgbar. [&hellip;]<\/p>\n","protected":false},"author":1,"featured_media":0,"parent":3424,"menu_order":2,"comment_status":"closed","ping_status":"closed","template":"","meta":{"ocean_post_layout":"full-screen","ocean_both_sidebars_style":"","ocean_both_sidebars_content_width":0,"ocean_both_sidebars_sidebars_width":0,"ocean_sidebar":"0","ocean_second_sidebar":"0","ocean_disable_margins":"enable","ocean_add_body_class":"","ocean_shortcode_before_top_bar":"","ocean_shortcode_after_top_bar":"","ocean_shortcode_before_header":"","ocean_shortcode_after_header":"","ocean_has_shortcode":"","ocean_shortcode_after_title":"","ocean_shortcode_before_footer_widgets":"","ocean_shortcode_after_footer_widgets":"","ocean_shortcode_before_footer_bottom":"","ocean_shortcode_after_footer_bottom":"","ocean_display_top_bar":"off","ocean_display_header":"default","ocean_header_style":"","ocean_center_header_left_menu":"0","ocean_custom_header_template":"0","ocean_custom_logo":0,"ocean_custom_retina_logo":0,"ocean_custom_logo_max_width":0,"ocean_custom_logo_tablet_max_width":0,"ocean_custom_logo_mobile_max_width":0,"ocean_custom_logo_max_height":0,"ocean_custom_logo_tablet_max_height":0,"ocean_custom_logo_mobile_max_height":0,"ocean_header_custom_menu":"0","ocean_menu_typo_font_family":"0","ocean_menu_typo_font_subset":"","ocean_menu_typo_font_size":0,"ocean_menu_typo_font_size_tablet":0,"ocean_menu_typo_font_size_mobile":0,"ocean_menu_typo_font_size_unit":"px","ocean_menu_typo_font_weight":"","ocean_menu_typo_font_weight_tablet":"","ocean_menu_typo_font_weight_mobile":"","ocean_menu_typo_transform":"","ocean_menu_typo_transform_tablet":"","ocean_menu_typo_transform_mobile":"","ocean_menu_typo_line_height":0,"ocean_menu_typo_line_height_tablet":0,"ocean_menu_typo_line_height_mobile":0,"ocean_menu_typo_line_height_unit":"","ocean_menu_typo_spacing":0,"ocean_menu_typo_spacing_tablet":0,"ocean_menu_typo_spacing_mobile":0,"ocean_menu_typo_spacing_unit":"","ocean_menu_link_color":"","ocean_menu_link_color_hover":"","ocean_menu_link_color_active":"","ocean_menu_link_background":"","ocean_menu_link_hover_background":"","ocean_menu_link_active_background":"","ocean_menu_social_links_bg":"","ocean_menu_social_hover_links_bg":"","ocean_menu_social_links_color":"","ocean_menu_social_hover_links_color":"","ocean_disable_title":"on","ocean_disable_heading":"default","ocean_post_title":"","ocean_post_subheading":"","ocean_post_title_style":"","ocean_post_title_background_color":"","ocean_post_title_background":0,"ocean_post_title_bg_image_position":"","ocean_post_title_bg_image_attachment":"","ocean_post_title_bg_image_repeat":"","ocean_post_title_bg_image_size":"","ocean_post_title_height":0,"ocean_post_title_bg_overlay":0.5,"ocean_post_title_bg_overlay_color":"","ocean_disable_breadcrumbs":"default","ocean_breadcrumbs_color":"","ocean_breadcrumbs_separator_color":"","ocean_breadcrumbs_links_color":"","ocean_breadcrumbs_links_hover_color":"","ocean_display_footer_widgets":"off","ocean_display_footer_bottom":"off","ocean_custom_footer_template":"0","footnotes":"","_links_to":"","_links_to_target":""},"class_list":["post-496","page","type-page","status-publish","hentry","entry"],"yoast_head":"<!-- This site is optimized with the Yoast SEO plugin v27.5 - https:\/\/yoast.com\/product\/yoast-seo-wordpress\/ -->\n<title>Golden Island Casino - TAB-Austria<\/title>\n<meta name=\"description\" content=\"Das Ger\u00e4t wurde nach dem Standard von Gaming Laboratories International gebaut. \u2713Gambling Machine \u2713Touchscreen \u2713Golden Island\" \/>\n<meta name=\"robots\" content=\"index, follow, max-snippet:-1, max-image-preview:large, max-video-preview:-1\" \/>\n<link rel=\"canonical\" href=\"https:\/\/www.tab.at\/en\/produkte\/geldspiel\/golden-island-casino\/\" \/>\n<meta property=\"og:locale\" content=\"en_GB\" \/>\n<meta property=\"og:type\" content=\"article\" \/>\n<meta property=\"og:title\" content=\"Golden Island Casino - TAB-Austria\" \/>\n<meta property=\"og:description\" content=\"Das Ger\u00e4t wurde nach dem Standard von Gaming Laboratories International gebaut. \u2713Gambling Machine \u2713Touchscreen \u2713Golden Island\" \/>\n<meta property=\"og:url\" content=\"https:\/\/www.tab.at\/en\/produkte\/geldspiel\/golden-island-casino\/\" \/>\n<meta property=\"og:site_name\" content=\"TAB-Austria\" \/>\n<meta property=\"article:modified_time\" content=\"2024-06-12T07:10:05+00:00\" \/>\n<meta property=\"og:image\" content=\"https:\/\/www.tab.at\/wp-content\/uploads\/2022\/02\/goldenisland-gross4.png\" \/>\n<meta name=\"twitter:card\" content=\"summary_large_image\" \/>\n<meta name=\"twitter:label1\" content=\"Estimated reading time\" \/>\n\t<meta name=\"twitter:data1\" content=\"3 minutes\" \/>\n<script type=\"application\/ld+json\" class=\"yoast-schema-graph\">{\"@context\":\"https:\\\/\\\/schema.org\",\"@graph\":[{\"@type\":\"WebPage\",\"@id\":\"https:\\\/\\\/www.tab.at\\\/produkte\\\/geldspiel\\\/golden-island-casino\\\/\",\"url\":\"https:\\\/\\\/www.tab.at\\\/produkte\\\/geldspiel\\\/golden-island-casino\\\/\",\"name\":\"Golden Island Casino - TAB-Austria\",\"isPartOf\":{\"@id\":\"https:\\\/\\\/www.tab.at\\\/#website\"},\"primaryImageOfPage\":{\"@id\":\"https:\\\/\\\/www.tab.at\\\/produkte\\\/geldspiel\\\/golden-island-casino\\\/#primaryimage\"},\"image\":{\"@id\":\"https:\\\/\\\/www.tab.at\\\/produkte\\\/geldspiel\\\/golden-island-casino\\\/#primaryimage\"},\"thumbnailUrl\":\"https:\\\/\\\/www.tab.at\\\/wp-content\\\/uploads\\\/2022\\\/02\\\/goldenisland-gross4.png\",\"datePublished\":\"2022-01-27T18:50:38+00:00\",\"dateModified\":\"2024-06-12T07:10:05+00:00\",\"description\":\"Das Ger\u00e4t wurde nach dem Standard von Gaming Laboratories International gebaut. \u2713Gambling Machine \u2713Touchscreen \u2713Golden Island\",\"breadcrumb\":{\"@id\":\"https:\\\/\\\/www.tab.at\\\/produkte\\\/geldspiel\\\/golden-island-casino\\\/#breadcrumb\"},\"inLanguage\":\"en-GB\",\"potentialAction\":[{\"@type\":\"ReadAction\",\"target\":[\"https:\\\/\\\/www.tab.at\\\/produkte\\\/geldspiel\\\/golden-island-casino\\\/\"]}]},{\"@type\":\"ImageObject\",\"inLanguage\":\"en-GB\",\"@id\":\"https:\\\/\\\/www.tab.at\\\/produkte\\\/geldspiel\\\/golden-island-casino\\\/#primaryimage\",\"url\":\"https:\\\/\\\/www.tab.at\\\/wp-content\\\/uploads\\\/2022\\\/02\\\/goldenisland-gross4.png\",\"contentUrl\":\"https:\\\/\\\/www.tab.at\\\/wp-content\\\/uploads\\\/2022\\\/02\\\/goldenisland-gross4.png\"},{\"@type\":\"BreadcrumbList\",\"@id\":\"https:\\\/\\\/www.tab.at\\\/produkte\\\/geldspiel\\\/golden-island-casino\\\/#breadcrumb\",\"itemListElement\":[{\"@type\":\"ListItem\",\"position\":1,\"name\":\"Startseite\",\"item\":\"https:\\\/\\\/www.tab.at\\\/\"},{\"@type\":\"ListItem\",\"position\":2,\"name\":\"Produkte\",\"item\":\"https:\\\/\\\/www.tab.at\\\/produkte\\\/\"},{\"@type\":\"ListItem\",\"position\":3,\"name\":\"Geldspiel\",\"item\":\"https:\\\/\\\/www.tab.at\\\/produkte\\\/geldspiel\\\/\"},{\"@type\":\"ListItem\",\"position\":4,\"name\":\"Golden Island Casino\"}]},{\"@type\":\"WebSite\",\"@id\":\"https:\\\/\\\/www.tab.at\\\/#website\",\"url\":\"https:\\\/\\\/www.tab.at\\\/\",\"name\":\"TAB-Austria\",\"description\":\"Industrie- und Unterhaltungselektronik\",\"publisher\":{\"@id\":\"https:\\\/\\\/www.tab.at\\\/#organization\"},\"potentialAction\":[{\"@type\":\"SearchAction\",\"target\":{\"@type\":\"EntryPoint\",\"urlTemplate\":\"https:\\\/\\\/www.tab.at\\\/?s={search_term_string}\"},\"query-input\":{\"@type\":\"PropertyValueSpecification\",\"valueRequired\":true,\"valueName\":\"search_term_string\"}}],\"inLanguage\":\"en-GB\"},{\"@type\":\"Organization\",\"@id\":\"https:\\\/\\\/www.tab.at\\\/#organization\",\"name\":\"TAB-Austria Industrie- und Unterhaltungselektronik\",\"url\":\"https:\\\/\\\/www.tab.at\\\/\",\"logo\":{\"@type\":\"ImageObject\",\"inLanguage\":\"en-GB\",\"@id\":\"https:\\\/\\\/www.tab.at\\\/#\\\/schema\\\/logo\\\/image\\\/\",\"url\":\"https:\\\/\\\/www.tab.at\\\/wp-content\\\/uploads\\\/2022\\\/02\\\/cropped-tab-favicon.jpg\",\"contentUrl\":\"https:\\\/\\\/www.tab.at\\\/wp-content\\\/uploads\\\/2022\\\/02\\\/cropped-tab-favicon.jpg\",\"width\":512,\"height\":512,\"caption\":\"TAB-Austria Industrie- und Unterhaltungselektronik\"},\"image\":{\"@id\":\"https:\\\/\\\/www.tab.at\\\/#\\\/schema\\\/logo\\\/image\\\/\"}}]}<\/script>\n<!-- \/ Yoast SEO plugin. -->","yoast_head_json":{"title":"Golden Island Casino - TAB-Austria","description":"Das Ger\u00e4t wurde nach dem Standard von Gaming Laboratories International gebaut. \u2713Gambling Machine \u2713Touchscreen \u2713Golden Island","robots":{"index":"index","follow":"follow","max-snippet":"max-snippet:-1","max-image-preview":"max-image-preview:large","max-video-preview":"max-video-preview:-1"},"canonical":"https:\/\/www.tab.at\/en\/produkte\/geldspiel\/golden-island-casino\/","og_locale":"en_GB","og_type":"article","og_title":"Golden Island Casino - TAB-Austria","og_description":"Das Ger\u00e4t wurde nach dem Standard von Gaming Laboratories International gebaut. \u2713Gambling Machine \u2713Touchscreen \u2713Golden Island","og_url":"https:\/\/www.tab.at\/en\/produkte\/geldspiel\/golden-island-casino\/","og_site_name":"TAB-Austria","article_modified_time":"2024-06-12T07:10:05+00:00","og_image":[{"url":"https:\/\/www.tab.at\/wp-content\/uploads\/2022\/02\/goldenisland-gross4.png","type":"","width":"","height":""}],"twitter_card":"summary_large_image","twitter_misc":{"Estimated reading time":"3 minutes"},"schema":{"@context":"https:\/\/schema.org","@graph":[{"@type":"WebPage","@id":"https:\/\/www.tab.at\/produkte\/geldspiel\/golden-island-casino\/","url":"https:\/\/www.tab.at\/produkte\/geldspiel\/golden-island-casino\/","name":"Golden Island Casino - TAB-Austria","isPartOf":{"@id":"https:\/\/www.tab.at\/#website"},"primaryImageOfPage":{"@id":"https:\/\/www.tab.at\/produkte\/geldspiel\/golden-island-casino\/#primaryimage"},"image":{"@id":"https:\/\/www.tab.at\/produkte\/geldspiel\/golden-island-casino\/#primaryimage"},"thumbnailUrl":"https:\/\/www.tab.at\/wp-content\/uploads\/2022\/02\/goldenisland-gross4.png","datePublished":"2022-01-27T18:50:38+00:00","dateModified":"2024-06-12T07:10:05+00:00","description":"Das Ger\u00e4t wurde nach dem Standard von Gaming Laboratories International gebaut. \u2713Gambling Machine \u2713Touchscreen \u2713Golden Island","breadcrumb":{"@id":"https:\/\/www.tab.at\/produkte\/geldspiel\/golden-island-casino\/#breadcrumb"},"inLanguage":"en-GB","potentialAction":[{"@type":"ReadAction","target":["https:\/\/www.tab.at\/produkte\/geldspiel\/golden-island-casino\/"]}]},{"@type":"ImageObject","inLanguage":"en-GB","@id":"https:\/\/www.tab.at\/produkte\/geldspiel\/golden-island-casino\/#primaryimage","url":"https:\/\/www.tab.at\/wp-content\/uploads\/2022\/02\/goldenisland-gross4.png","contentUrl":"https:\/\/www.tab.at\/wp-content\/uploads\/2022\/02\/goldenisland-gross4.png"},{"@type":"BreadcrumbList","@id":"https:\/\/www.tab.at\/produkte\/geldspiel\/golden-island-casino\/#breadcrumb","itemListElement":[{"@type":"ListItem","position":1,"name":"Startseite","item":"https:\/\/www.tab.at\/"},{"@type":"ListItem","position":2,"name":"Produkte","item":"https:\/\/www.tab.at\/produkte\/"},{"@type":"ListItem","position":3,"name":"Geldspiel","item":"https:\/\/www.tab.at\/produkte\/geldspiel\/"},{"@type":"ListItem","position":4,"name":"Golden Island Casino"}]},{"@type":"WebSite","@id":"https:\/\/www.tab.at\/#website","url":"https:\/\/www.tab.at\/","name":"TAB-Austria","description":"Industrie- und Unterhaltungselektronik","publisher":{"@id":"https:\/\/www.tab.at\/#organization"},"potentialAction":[{"@type":"SearchAction","target":{"@type":"EntryPoint","urlTemplate":"https:\/\/www.tab.at\/?s={search_term_string}"},"query-input":{"@type":"PropertyValueSpecification","valueRequired":true,"valueName":"search_term_string"}}],"inLanguage":"en-GB"},{"@type":"Organization","@id":"https:\/\/www.tab.at\/#organization","name":"TAB-Austria Industrie- und Unterhaltungselektronik","url":"https:\/\/www.tab.at\/","logo":{"@type":"ImageObject","inLanguage":"en-GB","@id":"https:\/\/www.tab.at\/#\/schema\/logo\/image\/","url":"https:\/\/www.tab.at\/wp-content\/uploads\/2022\/02\/cropped-tab-favicon.jpg","contentUrl":"https:\/\/www.tab.at\/wp-content\/uploads\/2022\/02\/cropped-tab-favicon.jpg","width":512,"height":512,"caption":"TAB-Austria Industrie- und Unterhaltungselektronik"},"image":{"@id":"https:\/\/www.tab.at\/#\/schema\/logo\/image\/"}}]}},"_links":{"self":[{"href":"https:\/\/www.tab.at\/en\/wp-json\/wp\/v2\/pages\/496","targetHints":{"allow":["GET"]}}],"collection":[{"href":"https:\/\/www.tab.at\/en\/wp-json\/wp\/v2\/pages"}],"about":[{"href":"https:\/\/www.tab.at\/en\/wp-json\/wp\/v2\/types\/page"}],"author":[{"embeddable":true,"href":"https:\/\/www.tab.at\/en\/wp-json\/wp\/v2\/users\/1"}],"replies":[{"embeddable":true,"href":"https:\/\/www.tab.at\/en\/wp-json\/wp\/v2\/comments?post=496"}],"version-history":[{"count":113,"href":"https:\/\/www.tab.at\/en\/wp-json\/wp\/v2\/pages\/496\/revisions"}],"predecessor-version":[{"id":3427,"href":"https:\/\/www.tab.at\/en\/wp-json\/wp\/v2\/pages\/496\/revisions\/3427"}],"up":[{"embeddable":true,"href":"https:\/\/www.tab.at\/en\/wp-json\/wp\/v2\/pages\/3424"}],"wp:attachment":[{"href":"https:\/\/www.tab.at\/en\/wp-json\/wp\/v2\/media?parent=496"}],"curies":[{"name":"wp","href":"https:\/\/api.w.org\/{rel}","templated":true}]}}